{"id":2191,"date":"2019-11-10T07:25:01","date_gmt":"2019-11-10T07:25:01","guid":{"rendered":"http:\/\/mozaikdecor.ro\/?page_id=2191"},"modified":"2020-01-01T03:07:52","modified_gmt":"2020-01-01T03:07:52","slug":"inchiriere-accesorii","status":"publish","type":"page","link":"https:\/\/mozaikdecor.ro\/ro\/inchiriere-accesorii\/","title":{"rendered":"Decora\u021biuni de \u00eenchiriat"},"content":{"rendered":"\n[et_pb_section fb_built=&#8221;1&#8243; admin_label=&#8221;Header&#8221; _builder_version=&#8221;3.29.3&#8243; background_image=&#8221;http:\/\/mozaikdecor.ro\/wp-content\/uploads\/2019\/09\/mozaikdecor_berelheto_kellekek.jpg&#8221; parallax=&#8221;on&#8221; parallax_method=&#8221;off&#8221; box_shadow_style=&#8221;preset1&#8243; collapsed=&#8221;on&#8221;][et_pb_row _builder_version=&#8221;3.29.3&#8243; width=&#8221;100%&#8221; max_width=&#8221;100%&#8221;][et_pb_column type=&#8221;4_4&#8243; _builder_version=&#8221;3.29.3&#8243;][et_pb_text _builder_version=&#8221;4.0.6&#8243; header_text_align=&#8221;center&#8221; header_text_color=&#8221;#333333&#8243; header_font_size=&#8221;100px&#8221;]<h1>Decora\u021biuni de \u00eenchiriat<\/h1>[\/et_pb_text][\/et_pb_column][\/et_pb_row][\/et_pb_section][et_pb_section fb_built=&#8221;1&#8243; admin_label=&#8221;Description&#8221; _builder_version=&#8221;3.29.3&#8243; background_color=&#8221;#eae0cc&#8221; collapsed=&#8221;on&#8221;][et_pb_row column_structure=&#8221;2_5,3_5&#8243; _builder_version=&#8221;3.29.3&#8243; width=&#8221;95%&#8221; max_width=&#8221;95%&#8221;][et_pb_column type=&#8221;2_5&#8243; _builder_version=&#8221;3.29.3&#8243;][et_pb_text _builder_version=&#8221;4.0.6&#8243; text_font_size=&#8221;26px&#8221; text_line_height=&#8221;1.6em&#8221; text_orientation=&#8221;center&#8221; custom_margin=&#8221;20px||||false|false&#8221;]<p>Dac\u0103 v\u0103 g\u00e2ndi\u021bi s\u0103 v\u0103 decora\u021bi evenimentul singuri, dar nu dori\u021bi s\u0103 v\u0103 cump\u0103ra\u021bi degeaba toate echipamentele, suntem aici pentru a v\u0103 ajuta. Oferim spre \u00eenchiriere o selec\u021bie mare de decora\u021biuni. V\u0103 rug\u0103m s\u0103 ne contacta\u021bi printr-un mesaj privat.<\/p>[\/et_pb_text][et_pb_image src=&#8221;http:\/\/mozaikdecor.ro\/wp-content\/uploads\/2019\/09\/level5tukor.png&#8221; align=&#8221;center&#8221; _builder_version=&#8221;3.29.3&#8243; filter_opacity=&#8221;60%&#8221;][\/et_pb_image][\/et_pb_column][et_pb_column type=&#8221;3_5&#8243; _builder_version=&#8221;3.29.3&#8243;][et_pb_image src=&#8221;http:\/\/mozaikdecor.ro\/wp-content\/uploads\/2019\/09\/decsei_pityu_07-1024&#215;681.jpg&#8221; align=&#8221;center&#8221; force_fullwidth=&#8221;on&#8221; _builder_version=&#8221;3.29.3&#8243; box_shadow_style=&#8221;preset1&#8243;][\/et_pb_image][\/et_pb_column][\/et_pb_row][\/et_pb_section][et_pb_section fb_built=&#8221;1&#8243; admin_label=&#8221;Contact RO&#8221; module_id=&#8221;contact&#8221; _builder_version=&#8221;4.0.6&#8243; background_image=&#8221;http:\/\/mozaikdecor.ro\/wp-content\/uploads\/2019\/09\/mozaikdecor_janka_nandi_03.jpg&#8221; global_module=&#8221;2935&#8243;][et_pb_row _builder_version=&#8221;3.29.3&#8243; background_color=&#8221;rgba(121,132,120,0.6)&#8221; background_size=&#8221;initial&#8221; background_position=&#8221;top_left&#8221; background_repeat=&#8221;repeat&#8221; max_width=&#8221;80%&#8221; module_alignment=&#8221;center&#8221;][et_pb_column type=&#8221;4_4&#8243; _builder_version=&#8221;3.29.3&#8243;][et_pb_text _builder_version=&#8221;4.0.6&#8243; header_text_align=&#8221;center&#8221; header_text_color=&#8221;#ffd67c&#8221;]<h1>Contacteaz\u0103-ne pentru o ofert\u0103 personalizat\u0103<\/h1>[\/et_pb_text][\/et_pb_column][\/et_pb_row][et_pb_row column_structure=&#8221;1_3,1_3,1_3&#8243; _builder_version=&#8221;4.0.4&#8243; background_color=&#8221;rgba(121,132,120,0.6)&#8221; max_width=&#8221;80%&#8221; module_alignment=&#8221;center&#8221;][et_pb_column type=&#8221;1_3&#8243; _builder_version=&#8221;3.29.3&#8243;][et_pb_image src=&#8221;http:\/\/mozaikdecor.ro\/wp-content\/uploads\/2019\/09\/phone-call-150&#215;150.png&#8221; align=&#8221;center&#8221; _builder_version=&#8221;4.0.6&#8243; width=&#8221;20%&#8221; max_width=&#8221;20%&#8221; module_alignment=&#8221;center&#8221;][\/et_pb_image][et_pb_text _builder_version=&#8221;4.0.6&#8243; text_text_color=&#8221;#ffd67c&#8221; text_font_size=&#8221;26px&#8221; link_text_color=&#8221;#ffd67c&#8221; header_2_text_align=&#8221;center&#8221; header_2_font_size=&#8221;60px&#8221; text_orientation=&#8221;center&#8221; text_text_color__hover_enabled=&#8221;on|desktop&#8221;]<p><a href=\"tel:+40743731317\">+40 743 731 317<\/a><\/p>[\/et_pb_text][\/et_pb_column][et_pb_column type=&#8221;1_3&#8243; _builder_version=&#8221;3.29.3&#8243;][et_pb_image src=&#8221;http:\/\/mozaikdecor.ro\/wp-content\/uploads\/2019\/09\/messenger-150&#215;150.png&#8221; _builder_version=&#8221;3.29.3&#8243; width=&#8221;20%&#8221; max_width=&#8221;20%&#8221; module_alignment=&#8221;center&#8221;][\/et_pb_image][et_pb_text _builder_version=&#8221;4.0.6&#8243; text_text_color=&#8221;#ffd67c&#8221; text_font_size=&#8221;26px&#8221; header_2_text_align=&#8221;center&#8221; header_2_font_size=&#8221;60px&#8221; text_orientation=&#8221;center&#8221;]<p>mozaikdecor<\/p>[\/et_pb_text][\/et_pb_column][et_pb_column type=&#8221;1_3&#8243; _builder_version=&#8221;3.29.3&#8243;][et_pb_image src=&#8221;http:\/\/mozaikdecor.ro\/wp-content\/uploads\/2019\/09\/email-150&#215;150.png&#8221; align=&#8221;center&#8221; _builder_version=&#8221;3.29.3&#8243; width=&#8221;20%&#8221; max_width=&#8221;20%&#8221; module_alignment=&#8221;center&#8221;][\/et_pb_image][et_pb_text _builder_version=&#8221;4.0.6&#8243; text_text_color=&#8221;#ffd67c&#8221; text_font_size=&#8221;26px&#8221; header_2_text_align=&#8221;center&#8221; header_2_font_size=&#8221;60px&#8221; text_orientation=&#8221;center&#8221;]<p>office@mozaikdecor.ro<\/p>[\/et_pb_text][\/et_pb_column][\/et_pb_row][\/et_pb_section]\n","protected":false},"excerpt":{"rendered":"<p>Decora\u021biuni de \u00eenchiriatDac\u0103 v\u0103 g\u00e2ndi\u021bi s\u0103 v\u0103 decora\u021bi evenimentul singuri, dar nu dori\u021bi s\u0103 v\u0103 cump\u0103ra\u021bi degeaba toate echipamentele, suntem aici pentru a v\u0103 ajuta. Oferim spre \u00eenchiriere o selec\u021bie mare de decora\u021biuni. V\u0103 rug\u0103m s\u0103 ne contacta\u021bi printr-un mesaj privat.Contacteaz\u0103-ne pentru o ofert\u0103 personalizat\u0103+40 743 731 317mozaikdecoroffice@mozaikdecor.ro<\/p>\n","protected":false},"author":1,"featured_media":0,"parent":0,"menu_order":0,"comment_status":"closed","ping_status":"closed","template":"","meta":{"_acf_changed":false,"_et_pb_use_builder":"on","_et_pb_old_content":"","_et_gb_content_width":"","ngg_post_thumbnail":0,"footnotes":""},"class_list":["post-2191","page","type-page","status-publish","hentry"],"acf":[],"_links":{"self":[{"href":"https:\/\/mozaikdecor.ro\/ro\/wp-json\/wp\/v2\/pages\/2191","targetHints":{"allow":["GET"]}}],"collection":[{"href":"https:\/\/mozaikdecor.ro\/ro\/wp-json\/wp\/v2\/pages"}],"about":[{"href":"https:\/\/mozaikdecor.ro\/ro\/wp-json\/wp\/v2\/types\/page"}],"author":[{"embeddable":true,"href":"https:\/\/mozaikdecor.ro\/ro\/wp-json\/wp\/v2\/users\/1"}],"replies":[{"embeddable":true,"href":"https:\/\/mozaikdecor.ro\/ro\/wp-json\/wp\/v2\/comments?post=2191"}],"version-history":[{"count":0,"href":"https:\/\/mozaikdecor.ro\/ro\/wp-json\/wp\/v2\/pages\/2191\/revisions"}],"wp:attachment":[{"href":"https:\/\/mozaikdecor.ro\/ro\/wp-json\/wp\/v2\/media?parent=2191"}],"curies":[{"name":"wp","href":"https:\/\/api.w.org\/{rel}","templated":true}]}}