{"id":2176,"date":"2019-11-10T07:02:36","date_gmt":"2019-11-10T07:02:36","guid":{"rendered":"http:\/\/mozaikdecor.ro\/?page_id=2176"},"modified":"2019-11-12T11:03:05","modified_gmt":"2019-11-12T11:03:05","slug":"termeni-si-conditii","status":"publish","type":"page","link":"https:\/\/mozaikdecor.ro\/ro\/termeni-si-conditii\/","title":{"rendered":"Termeni \u0219i condi\u021bii"},"content":{"rendered":"<p>[et_pb_section fb_built=&#8221;1&#8243; _builder_version=&#8221;4.0.6&#8243; background_color=&#8221;#eae0cc&#8221; hover_enabled=&#8221;0&#8243;][et_pb_row _builder_version=&#8221;4.0.6&#8243; width=&#8221;95%&#8221; max_width=&#8221;95%&#8221; module_alignment=&#8221;center&#8221; hover_enabled=&#8221;0&#8243;][et_pb_column type=&#8221;4_4&#8243; _builder_version=&#8221;4.0.4&#8243;][et_pb_text _builder_version=&#8221;4.0.4&#8243; header_text_align=&#8221;center&#8221;]<\/p>\n<h1><strong>TERMENI \u0218I CONDI\u021aII<\/strong><\/h1>\n<p>[\/et_pb_text][et_pb_text _builder_version=&#8221;4.0.6&#8243; link_text_color=&#8221;#4d6a6d&#8221;]<\/p>\n<p><strong>Despre noi \u0219i despre site-ul <\/strong><span><a href=\"http:\/\/www.mozaikdekor.ro\" target=\"_blank\" rel=\"noopener\"><strong>www.mozaikdekor.ro<\/strong><\/a><\/span><\/p>\n<p>MOZAIK EVENT DECOR S.R.L. a fost \u00eenfiin\u021bat\u0103 \u00een anul 2019 de c\u0103tre asociatul unic G\u00e1sp\u00e1r Anna-Maria, iar activitatea acestuia principal\u0103 este asigurarea de decora\u021biuni pentru evenimente.<\/p>\n<p>Site-ul web <strong>www.mozaikdekor.ro<\/strong> este o pagin\u0103 comercial\u0103 aflat\u0103 \u00een proprietatea \u0219i sub responsabilitatea societ\u0103\u021bii MOZAIK EVENT DECOR S.R.L.,\u00a0 cu sediul social \u00een Mun. Sf\u00e2ntu Gheorghe, str. Mitropolit Andrei \u0218aguna, nr. 15, jud. Covasna, \u00eenmatriculat\u0103 la Registrul Comer\u021bului Covasna sub nr. J14\/202\/2019, av\u00e2nd CIF nr. 40942970, cont bancar nr. RO80RNCB0124463221000001,\u00a0 deschis la BCR, numit pe parcursul acestor termeni si condi\u021bii Mozaik Dekor sau mozaikdekor.ro.<\/p>\n<p><strong>Contact<\/strong><\/p>\n<p>Adres\u0103 po\u0219tal\u0103: Mun. Sf\u00e2ntu Gheorghe, str. Mitropolit Andrei \u0218aguna, nr. 15, jud. Covasna<\/p>\n<p>E-mail: <span><a href=\"mailto:office@mozaikdekor.ro\">office@mozaikdekor.ro<\/a><\/span><\/p>\n<p>Persoan\u0103 de contact: G\u00e1sp\u00e1r Anna-Maria,\u00a0 0743 731 317.<\/p>\n<p><strong>Drepturi \u0219i obliga\u021bii specifice<\/strong><\/p>\n<p>Accesarea \u0219i utilizarea site-ului implic\u0103 acceptarea, f\u0103r\u0103 limit\u0103ri \u0219i calific\u0103ri, a termenilor \u0219i condi\u021biilor mai jos enumera\u021bi, de c\u0103tre dvs. Recomand\u0103m citirea cu aten\u021bie a acestora.<\/p>\n<p>mozaikdekor.ro garanteaz\u0103 utilizatorului acces limitat, \u00een interes personal (informare, comunicare), pe site, \u0219i nu \u00eei confer\u0103 dreptul de a desc\u0103rca sau de a modifica par\u021bial sau integral site-ul, de a reproduce par\u021bial sau integral site-ul, de a copia, de a vinde\/revinde sau de a exploata site-ul in orice alt\u0103 manier\u0103, in scopuri comerciale sau contrare intereselor Mozaik Dekor, f\u0103r\u0103 acordul prealabil scris al acesteia.<\/p>\n<p><strong>Proprietatea intelectual\u0103<\/strong><\/p>\n<p>\u00centregul con\u021binut al site-ului www.mozaikdekor.ro (imagini, texte, grafice, simboluri, elemente de grafic\u0103 web, email-uri, scripturi, programe \u0219i alte date) sunt proprietatea intelectual\u0103 exclusiv\u0103 a Mozaik Event Decor SRL \u0219i sunt protejate prin legisla\u021bia rom\u00e2n\u0103 \u00een vigoare cu privire la drepturile de autor \u0219i drepturile conexe. Pe site poate exista con\u021binut, care nu este proprietatea noastr\u0103 intelectual\u0103, dar s\u0103 avem un drept de folosin\u021b\u0103 asupra acesteia.<\/p>\n<p>Este interzis\u0103 orice utilizare a con\u021binutului site-ului \u00een alte scopuri dec\u00e2t cele permise expres de prezentul document sau de legisla\u021bia \u00een vigoare. Cererile de utilizare a con\u021binutului \u00een alte scopuri dec\u00e2t cele permise expres de prezentul document pot fi trimise la adresa noastr\u0103 de email.<\/p>\n<p>\u00cen condi\u021biile \u00een care considera\u021bi c\u0103 un anumit con\u021binut aflat pe site-ul nostru \u00eencalc\u0103 drepturile dvs. de proprietate intelectual\u0103, dreptul la via\u021ba privat\u0103, la publicitate sau alte drepturi personale, sunte\u021bi rugat s\u0103 trimite\u021bi un email cu drepturile \u00eenc\u0103lcate, pentru a permite administratorilor site-ului s\u0103 ac\u021bioneze \u00een conformitate cu dispozi\u021biile legale.<\/p>\n<p><strong>Suspendarea accesului<\/strong><\/p>\n<p>mozaikdekor.ro poate, f\u0103r\u0103 orice alt\u0103 notificare sau formalitate \u0219i f\u0103r\u0103 ca acest lucru s\u0103 necesite explicarea atitudinii sale, s\u0103 suspende sau s\u0103 blocheze accesul dvs. la con\u021binutul site-ului sau la o parte a acestui con\u021binut.<\/p>\n<p><strong>Schimb\u0103ri ale site-ului<\/strong><\/p>\n<p>mozaikdekor.ro \u00ee\u0219i rezerv\u0103 dreptul de a suspenda, modifica, ad\u0103uga sau \u0219terge \u00een orice moment por\u021biuni ale con\u021binutului s\u0103u. De asemenea, mozaikdekor.ro \u00ee\u0219i rezerv\u0103 dreptul de a restric\u021biona accesul utilizatorilor la o parte sau la \u00eentregul s\u0103u con\u021binut.<\/p>\n<p><strong>Via\u021ba privat\u0103 \u0219i datele cu caracter personal<\/strong><\/p>\n<p>mozaikdekor.ro respect\u0103 via\u021ba dvs. privat\u0103 \u0219i datele dvs. cu caracter personal pe care le \u00eemp\u0103rt\u0103\u0219i\u021bi cu noi cu ocazia acces\u0103rii acestui site. Toate informa\u021biile despre protejarea datelor dvs. cu caracter personal le pute\u021bi citi \u00een documentul \u201dPolitica de confiden\u021bialitate\u201d de pe site-ul nostru.<\/p>\n<p><strong>Exonerarea de r\u0103spundere<\/strong><\/p>\n<p>Utilizarea acestui site este \u00een totalitate pe contul dumneavoastr\u0103. mozaikdekor.ro, angaja\u021bii acesteia \u0219i orice alt\u0103 parte implicat\u0103 \u00een conceperea, producerea sau oferirea site-ului nu sunt r\u0103spunz\u0103toare pentru daune directe sau indirecte, de orice natur\u0103, ce ar rezulta din, sau \u00een leg\u0103tur\u0103 cu utilizarea acestui site, sau a Con\u0163inutului s\u0103u. Mozaik Dekor nu \u00ee\u015fi asum\u0103 nici o responsabilitate \u015fi nu va fi r\u0103spunz\u0103toare pentru nici o daun\u0103 sau viru\u015fi care ar putea s\u0103 v\u0103 infecteze\/altera computerul sau datele personale ale Dvs., \u00een urma acces\u0103rii sau utiliz\u0103rii acestui site.<\/p>\n<p><strong>Litigii<\/strong><\/p>\n<p>Orice litigiu ap\u0103rut \u00eentre Clien\u021bi \u0219i Mozaik Dekor va fi rezolvat\u0103 pe cale amiabil\u0103. \u00cen cazul \u00een care nu s-a reu\u0219it stingerea conflictului pe cale amiabil\u0103, competen\u021ba revine instan\u021belor de judecat\u0103.<\/p>\n<p><strong>Mesaje comerciale nesolicitate<\/strong><\/p>\n<p>mozaikdekor.ro se pronun\u021b\u0103 \u00eempotriva trimiterii de mesaje comerciale nesolicitate pentru care nu are acordul explicit al utilizatorului (spam).<\/p>\n<p><strong>Modificarea prezentelor termeni si condi\u021bii<\/strong><\/p>\n<p>mozaikdekor.ro \u00ee\u0219i rezerv\u0103 dreptul s\u0103 schimbe ace\u0219ti termeni, modific\u00e2nd versiunea \u0219i data adopt\u0103rii noului regulament f\u0103r\u0103 \u00eendeplinirea unor alte formalit\u0103\u021bi.<\/p>\n<p><strong>Legea guvernant\u0103<\/strong><\/p>\n<p>Drepturile \u0219i obliga\u021biile p\u0103r\u021bilor, impuse de prezentele termeni \u0219i condi\u021bii, precum si toate efectele juridice pe care le produce prezentul acord vor fi interpretate \u0219i guvernate de legea rom\u00e2n\u0103 \u00een vigoare.<\/p>\n<p>Orice litigiu care are ca obiect acest acord va reveni instan\u021belor rom\u00e2ne\u0219ti competente general, material \u0219i teritorial.<\/p>\n<p>[\/et_pb_text][et_pb_image src=&#8221;http:\/\/mozaikdecor.ro\/wp-content\/uploads\/2019\/09\/level6.png&#8221; _builder_version=&#8221;4.0.6&#8243; align=&#8221;center&#8221; hover_enabled=&#8221;0&#8243; filter_invert=&#8221;30%&#8221;][\/et_pb_image][\/et_pb_column][\/et_pb_row][\/et_pb_section][et_pb_section fb_built=&#8221;1&#8243; module_id=&#8221;contact&#8221; _builder_version=&#8221;4.0.6&#8243; background_image=&#8221;http:\/\/mozaikdecor.ro\/wp-content\/uploads\/2019\/09\/mozaikdecor_janka_nandi_03.jpg&#8221; global_module=&#8221;2935&#8243;][et_pb_row _builder_version=&#8221;3.29.3&#8243; background_color=&#8221;rgba(121,132,120,0.6)&#8221; background_size=&#8221;initial&#8221; background_position=&#8221;top_left&#8221; background_repeat=&#8221;repeat&#8221; max_width=&#8221;80%&#8221; module_alignment=&#8221;center&#8221;][et_pb_column type=&#8221;4_4&#8243; _builder_version=&#8221;3.29.3&#8243;][et_pb_text _builder_version=&#8221;4.0.6&#8243; header_text_align=&#8221;center&#8221; header_text_color=&#8221;#ffd67c&#8221;]<\/p>\n<h1>Contacteaz\u0103-ne pentru o ofert\u0103 personalizat\u0103<\/h1>\n<p>[\/et_pb_text][\/et_pb_column][\/et_pb_row][et_pb_row column_structure=&#8221;1_3,1_3,1_3&#8243; _builder_version=&#8221;4.0.4&#8243; background_color=&#8221;rgba(121,132,120,0.6)&#8221; max_width=&#8221;80%&#8221; module_alignment=&#8221;center&#8221;][et_pb_column type=&#8221;1_3&#8243; _builder_version=&#8221;3.29.3&#8243;][et_pb_image src=&#8221;http:\/\/mozaikdecor.ro\/wp-content\/uploads\/2019\/09\/phone-call-150&#215;150.png&#8221; align=&#8221;center&#8221; _builder_version=&#8221;4.0.6&#8243; width=&#8221;20%&#8221; max_width=&#8221;20%&#8221; module_alignment=&#8221;center&#8221;][\/et_pb_image][et_pb_text _builder_version=&#8221;4.0.6&#8243; text_text_color=&#8221;#ffd67c&#8221; text_font_size=&#8221;26px&#8221; link_text_color=&#8221;#ffd67c&#8221; header_2_text_align=&#8221;center&#8221; header_2_font_size=&#8221;60px&#8221; text_orientation=&#8221;center&#8221; text_text_color__hover_enabled=&#8221;on|desktop&#8221;]<\/p>\n<p><a href=\"tel:+40743731317\">+40 743 731 317<\/a><\/p>\n<p>[\/et_pb_text][\/et_pb_column][et_pb_column type=&#8221;1_3&#8243; _builder_version=&#8221;3.29.3&#8243;][et_pb_image src=&#8221;http:\/\/mozaikdecor.ro\/wp-content\/uploads\/2019\/09\/messenger-150&#215;150.png&#8221; _builder_version=&#8221;3.29.3&#8243; width=&#8221;20%&#8221; max_width=&#8221;20%&#8221; module_alignment=&#8221;center&#8221;][\/et_pb_image][et_pb_text _builder_version=&#8221;4.0.6&#8243; text_text_color=&#8221;#ffd67c&#8221; text_font_size=&#8221;26px&#8221; header_2_text_align=&#8221;center&#8221; header_2_font_size=&#8221;60px&#8221; text_orientation=&#8221;center&#8221;]<\/p>\n<p>mozaikdecor<\/p>\n<p>[\/et_pb_text][\/et_pb_column][et_pb_column type=&#8221;1_3&#8243; _builder_version=&#8221;3.29.3&#8243;][et_pb_image src=&#8221;http:\/\/mozaikdecor.ro\/wp-content\/uploads\/2019\/09\/email-150&#215;150.png&#8221; align=&#8221;center&#8221; _builder_version=&#8221;3.29.3&#8243; width=&#8221;20%&#8221; max_width=&#8221;20%&#8221; module_alignment=&#8221;center&#8221;][\/et_pb_image][et_pb_text _builder_version=&#8221;4.0.6&#8243; text_text_color=&#8221;#ffd67c&#8221; text_font_size=&#8221;26px&#8221; header_2_text_align=&#8221;center&#8221; header_2_font_size=&#8221;60px&#8221; text_orientation=&#8221;center&#8221;]<\/p>\n<p>office@mozaikdecor.ro<\/p>\n<p>[\/et_pb_text][\/et_pb_column][\/et_pb_row][\/et_pb_section]<\/p>\n","protected":false},"excerpt":{"rendered":"<p>TERMENI \u0218I CONDI\u021aIIDespre noi \u0219i despre site-ul www.mozaikdekor.ro MOZAIK EVENT DECOR S.R.L. a fost \u00eenfiin\u021bat\u0103 \u00een anul 2019 de c\u0103tre asociatul unic G\u00e1sp\u00e1r Anna-Maria, iar activitatea acestuia principal\u0103 este asigurarea de decora\u021biuni pentru evenimente. Site-ul web www.mozaikdekor.ro este o pagin\u0103 comercial\u0103 aflat\u0103 \u00een proprietatea \u0219i sub responsabilitatea societ\u0103\u021bii MOZAIK EVENT DECOR S.R.L.,\u00a0 cu sediul social [&hellip;]<\/p>\n","protected":false},"author":1,"featured_media":0,"parent":0,"menu_order":0,"comment_status":"closed","ping_status":"closed","template":"","meta":{"_acf_changed":false,"_et_pb_use_builder":"on","_et_pb_old_content":"","_et_gb_content_width":"","ngg_post_thumbnail":0,"footnotes":""},"class_list":["post-2176","page","type-page","status-publish","hentry"],"acf":[],"_links":{"self":[{"href":"https:\/\/mozaikdecor.ro\/ro\/wp-json\/wp\/v2\/pages\/2176","targetHints":{"allow":["GET"]}}],"collection":[{"href":"https:\/\/mozaikdecor.ro\/ro\/wp-json\/wp\/v2\/pages"}],"about":[{"href":"https:\/\/mozaikdecor.ro\/ro\/wp-json\/wp\/v2\/types\/page"}],"author":[{"embeddable":true,"href":"https:\/\/mozaikdecor.ro\/ro\/wp-json\/wp\/v2\/users\/1"}],"replies":[{"embeddable":true,"href":"https:\/\/mozaikdecor.ro\/ro\/wp-json\/wp\/v2\/comments?post=2176"}],"version-history":[{"count":0,"href":"https:\/\/mozaikdecor.ro\/ro\/wp-json\/wp\/v2\/pages\/2176\/revisions"}],"wp:attachment":[{"href":"https:\/\/mozaikdecor.ro\/ro\/wp-json\/wp\/v2\/media?parent=2176"}],"curies":[{"name":"wp","href":"https:\/\/api.w.org\/{rel}","templated":true}]}}