{"id":2148,"date":"2019-11-10T06:38:03","date_gmt":"2019-11-10T06:38:03","guid":{"rendered":"http:\/\/mozaikdecor.ro\/?page_id=2148"},"modified":"2022-01-06T02:45:50","modified_gmt":"2022-01-06T00:45:50","slug":"cadouri","status":"publish","type":"page","link":"https:\/\/mozaikdecor.ro\/ro\/cadouri\/","title":{"rendered":"M\u0103rturii"},"content":{"rendered":"<p>[et_pb_section fb_built=&#8221;1&#8243; admin_label=&#8221;Header&#8221; _builder_version=&#8221;3.29.3&#8243; background_image=&#8221;http:\/\/mozaikdecor.ro\/wp-content\/uploads\/2019\/09\/mozaikdecor_ajandekok.jpg&#8221; parallax=&#8221;on&#8221; parallax_method=&#8221;off&#8221; box_shadow_style=&#8221;preset1&#8243; collapsed=&#8221;on&#8221; global_colors_info=&#8221;{}&#8221;][et_pb_row _builder_version=&#8221;3.29.3&#8243; width=&#8221;100%&#8221; max_width=&#8221;100%&#8221; global_colors_info=&#8221;{}&#8221;][et_pb_column type=&#8221;4_4&#8243; _builder_version=&#8221;3.29.3&#8243; global_colors_info=&#8221;{}&#8221;][et_pb_text _builder_version=&#8221;4.0.6&#8243; header_text_align=&#8221;center&#8221; header_text_color=&#8221;#333333&#8243; header_font_size=&#8221;100px&#8221; global_colors_info=&#8221;{}&#8221;]<\/p>\n<h1>M\u0103rturii<\/h1>\n<p>&nbsp;<\/p>\n<p>[\/et_pb_text][\/et_pb_column][\/et_pb_row][\/et_pb_section][et_pb_section fb_built=&#8221;1&#8243; admin_label=&#8221;Description&#8221; _builder_version=&#8221;3.29.3&#8243; background_color=&#8221;#eae0cc&#8221; collapsed=&#8221;on&#8221; global_colors_info=&#8221;{}&#8221;][et_pb_row column_structure=&#8221;2_5,3_5&#8243; _builder_version=&#8221;3.29.3&#8243; width=&#8221;95%&#8221; max_width=&#8221;95%&#8221; global_colors_info=&#8221;{}&#8221;][et_pb_column type=&#8221;2_5&#8243; _builder_version=&#8221;3.29.3&#8243; global_colors_info=&#8221;{}&#8221;][et_pb_text _builder_version=&#8221;4.0.6&#8243; text_font_size=&#8221;26px&#8221; text_line_height=&#8221;1.6em&#8221; text_orientation=&#8221;center&#8221; custom_margin=&#8221;20px||||false|false&#8221; global_colors_info=&#8221;{}&#8221;]<\/p>\n<p>Dac\u0103 dori\u021bi un cadou unic \u0219i personal pe care s\u0103 \u00eel oferi\u021bi prietenilor \u0219i persoanelor dragi la nunt\u0103, nu ezita\u021bi s\u0103 ne contacta\u021bi. V\u0103 putem discuta ideile, s\u0103 venim cu altele noi \u0219i s\u0103 le realiz\u0103m, ridic\u00e2nd astfel greut\u0103\u021biile de pe umerii vo\u0219tri.<\/p>\n<p>[\/et_pb_text][et_pb_image src=&#8221;http:\/\/mozaikdecor.ro\/wp-content\/uploads\/2019\/09\/level5tukor.png&#8221; align=&#8221;center&#8221; _builder_version=&#8221;3.29.3&#8243; filter_opacity=&#8221;60%&#8221; global_colors_info=&#8221;{}&#8221;][\/et_pb_image][\/et_pb_column][et_pb_column type=&#8221;3_5&#8243; _builder_version=&#8221;3.29.3&#8243; global_colors_info=&#8221;{}&#8221;][et_pb_gallery gallery_ids=&#8221;1060&#8243; gallery_orderby=&#8221;rand&#8221; fullwidth=&#8221;on&#8221; _builder_version=&#8221;4.4.1&#8243; pagination_text_color=&#8221;#ffffff&#8221; global_module=&#8221;3277&#8243; saved_tabs=&#8221;all&#8221; global_colors_info=&#8221;{}&#8221;][\/et_pb_gallery][\/et_pb_column][\/et_pb_row][\/et_pb_section][et_pb_section fb_built=&#8221;1&#8243; admin_label=&#8221;eskuvo diszites&#8221; _builder_version=&#8221;3.29.3&#8243; background_color=&#8221;#eae0cc&#8221; global_colors_info=&#8221;{}&#8221;][et_pb_row _builder_version=&#8221;3.29.3&#8243; width=&#8221;100%&#8221; max_width=&#8221;100%&#8221; module_alignment=&#8221;center&#8221; global_colors_info=&#8221;{}&#8221;][et_pb_column type=&#8221;4_4&#8243; _builder_version=&#8221;3.29.3&#8243; global_colors_info=&#8221;{}&#8221;][\/et_pb_column][\/et_pb_row][\/et_pb_section][et_pb_section fb_built=&#8221;1&#8243; admin_label=&#8221;Contact RO&#8221; module_id=&#8221;contact&#8221; _builder_version=&#8221;4.0.6&#8243; background_image=&#8221;http:\/\/mozaikdecor.ro\/wp-content\/uploads\/2019\/09\/mozaikdecor_janka_nandi_03.jpg&#8221; global_module=&#8221;2935&#8243; global_colors_info=&#8221;{}&#8221;][et_pb_row _builder_version=&#8221;3.29.3&#8243; background_color=&#8221;rgba(121,132,120,0.6)&#8221; background_size=&#8221;initial&#8221; background_position=&#8221;top_left&#8221; background_repeat=&#8221;repeat&#8221; max_width=&#8221;80%&#8221; module_alignment=&#8221;center&#8221; global_colors_info=&#8221;{}&#8221;][et_pb_column type=&#8221;4_4&#8243; _builder_version=&#8221;3.29.3&#8243; global_colors_info=&#8221;{}&#8221;][et_pb_text _builder_version=&#8221;4.0.6&#8243; header_text_align=&#8221;center&#8221; header_text_color=&#8221;#ffd67c&#8221; global_colors_info=&#8221;{}&#8221;]<\/p>\n<h1>Contacteaz\u0103-ne pentru o ofert\u0103 personalizat\u0103<\/h1>\n<p>[\/et_pb_text][\/et_pb_column][\/et_pb_row][et_pb_row column_structure=&#8221;1_3,1_3,1_3&#8243; _builder_version=&#8221;4.0.4&#8243; background_color=&#8221;rgba(121,132,120,0.6)&#8221; max_width=&#8221;80%&#8221; module_alignment=&#8221;center&#8221; global_colors_info=&#8221;{}&#8221;][et_pb_column type=&#8221;1_3&#8243; _builder_version=&#8221;3.29.3&#8243; global_colors_info=&#8221;{}&#8221;][et_pb_image src=&#8221;http:\/\/mozaikdecor.ro\/wp-content\/uploads\/2019\/09\/phone-call-150&#215;150.png&#8221; align=&#8221;center&#8221; _builder_version=&#8221;4.0.6&#8243; width=&#8221;20%&#8221; max_width=&#8221;20%&#8221; module_alignment=&#8221;center&#8221; global_colors_info=&#8221;{}&#8221;][\/et_pb_image][et_pb_text _builder_version=&#8221;4.0.6&#8243; text_text_color=&#8221;#ffd67c&#8221; text_font_size=&#8221;26px&#8221; link_text_color=&#8221;#ffd67c&#8221; header_2_text_align=&#8221;center&#8221; header_2_font_size=&#8221;60px&#8221; text_orientation=&#8221;center&#8221; global_colors_info=&#8221;{}&#8221; text_text_color__hover_enabled=&#8221;on|desktop&#8221; text_text_color__hover=&#8221;#ffd67c&#8221;]<\/p>\n<p><a href=\"tel:+40743731317\">+40 743 731 317<\/a><\/p>\n<p>[\/et_pb_text][\/et_pb_column][et_pb_column type=&#8221;1_3&#8243; _builder_version=&#8221;3.29.3&#8243; global_colors_info=&#8221;{}&#8221;][et_pb_image src=&#8221;http:\/\/mozaikdecor.ro\/wp-content\/uploads\/2019\/09\/messenger-150&#215;150.png&#8221; _builder_version=&#8221;3.29.3&#8243; width=&#8221;20%&#8221; max_width=&#8221;20%&#8221; module_alignment=&#8221;center&#8221; global_colors_info=&#8221;{}&#8221;][\/et_pb_image][et_pb_text _builder_version=&#8221;4.0.6&#8243; text_text_color=&#8221;#ffd67c&#8221; text_font_size=&#8221;26px&#8221; header_2_text_align=&#8221;center&#8221; header_2_font_size=&#8221;60px&#8221; text_orientation=&#8221;center&#8221; global_colors_info=&#8221;{}&#8221;]<\/p>\n<p>mozaikdecor<\/p>\n<p>[\/et_pb_text][\/et_pb_column][et_pb_column type=&#8221;1_3&#8243; _builder_version=&#8221;3.29.3&#8243; global_colors_info=&#8221;{}&#8221;][et_pb_image src=&#8221;http:\/\/mozaikdecor.ro\/wp-content\/uploads\/2019\/09\/email-150&#215;150.png&#8221; align=&#8221;center&#8221; _builder_version=&#8221;3.29.3&#8243; width=&#8221;20%&#8221; max_width=&#8221;20%&#8221; module_alignment=&#8221;center&#8221; global_colors_info=&#8221;{}&#8221;][\/et_pb_image][et_pb_text _builder_version=&#8221;4.0.6&#8243; text_text_color=&#8221;#ffd67c&#8221; text_font_size=&#8221;26px&#8221; header_2_text_align=&#8221;center&#8221; header_2_font_size=&#8221;60px&#8221; text_orientation=&#8221;center&#8221; global_colors_info=&#8221;{}&#8221;]<\/p>\n<p>office@mozaikdecor.ro<\/p>\n<p>[\/et_pb_text][\/et_pb_column][\/et_pb_row][\/et_pb_section]<\/p>\n","protected":false},"excerpt":{"rendered":"<p>M\u0103rturii &nbsp;Dac\u0103 dori\u021bi un cadou unic \u0219i personal pe care s\u0103 \u00eel oferi\u021bi prietenilor \u0219i persoanelor dragi la nunt\u0103, nu ezita\u021bi s\u0103 ne contacta\u021bi. V\u0103 putem discuta ideile, s\u0103 venim cu altele noi \u0219i s\u0103 le realiz\u0103m, ridic\u00e2nd astfel greut\u0103\u021biile de pe umerii vo\u0219tri.Contacteaz\u0103-ne pentru o ofert\u0103 personalizat\u0103+40 743 731 317mozaikdecoroffice@mozaikdecor.ro<\/p>\n","protected":false},"author":1,"featured_media":0,"parent":0,"menu_order":0,"comment_status":"closed","ping_status":"closed","template":"","meta":{"_acf_changed":false,"_et_pb_use_builder":"on","_et_pb_old_content":"","_et_gb_content_width":"","ngg_post_thumbnail":0,"footnotes":""},"class_list":["post-2148","page","type-page","status-publish","hentry"],"acf":[],"_links":{"self":[{"href":"https:\/\/mozaikdecor.ro\/ro\/wp-json\/wp\/v2\/pages\/2148","targetHints":{"allow":["GET"]}}],"collection":[{"href":"https:\/\/mozaikdecor.ro\/ro\/wp-json\/wp\/v2\/pages"}],"about":[{"href":"https:\/\/mozaikdecor.ro\/ro\/wp-json\/wp\/v2\/types\/page"}],"author":[{"embeddable":true,"href":"https:\/\/mozaikdecor.ro\/ro\/wp-json\/wp\/v2\/users\/1"}],"replies":[{"embeddable":true,"href":"https:\/\/mozaikdecor.ro\/ro\/wp-json\/wp\/v2\/comments?post=2148"}],"version-history":[{"count":0,"href":"https:\/\/mozaikdecor.ro\/ro\/wp-json\/wp\/v2\/pages\/2148\/revisions"}],"wp:attachment":[{"href":"https:\/\/mozaikdecor.ro\/ro\/wp-json\/wp\/v2\/media?parent=2148"}],"curies":[{"name":"wp","href":"https:\/\/api.w.org\/{rel}","templated":true}]}}