{"id":2239,"date":"2019-11-10T09:25:07","date_gmt":"2019-11-10T09:25:07","guid":{"rendered":"http:\/\/mozaikdecor.ro\/?page_id=2239"},"modified":"2022-01-06T02:44:18","modified_gmt":"2022-01-06T00:44:18","slug":"graphic-design","status":"publish","type":"page","link":"https:\/\/mozaikdecor.ro\/en\/graphic-design\/","title":{"rendered":"Graphic Design"},"content":{"rendered":"<p>[et_pb_section fb_built=&#8221;1&#8243; admin_label=&#8221;Header&#8221; _builder_version=&#8221;3.29.3&#8243; background_image=&#8221;http:\/\/mozaikdecor.ro\/wp-content\/uploads\/2019\/09\/mozaikdecor_esemeny_dekoracio1.jpg&#8221; parallax=&#8221;on&#8221; parallax_method=&#8221;off&#8221; box_shadow_style=&#8221;preset1&#8243; collapsed=&#8221;on&#8221; global_colors_info=&#8221;{}&#8221;][et_pb_row _builder_version=&#8221;3.29.3&#8243; width=&#8221;100%&#8221; max_width=&#8221;100%&#8221; global_colors_info=&#8221;{}&#8221;][et_pb_column type=&#8221;4_4&#8243; _builder_version=&#8221;3.29.3&#8243; global_colors_info=&#8221;{}&#8221;][et_pb_text _builder_version=&#8221;4.0.6&#8243; header_text_align=&#8221;center&#8221; header_text_color=&#8221;#333333&#8243; header_font_size=&#8221;100px&#8221; global_colors_info=&#8221;{}&#8221;]<\/p>\n<h1>Element Design<\/h1>\n<p>[\/et_pb_text][\/et_pb_column][\/et_pb_row][\/et_pb_section][et_pb_section fb_built=&#8221;1&#8243; admin_label=&#8221;Description&#8221; _builder_version=&#8221;3.29.3&#8243; background_color=&#8221;#eae0cc&#8221; collapsed=&#8221;on&#8221; global_colors_info=&#8221;{}&#8221;][et_pb_row column_structure=&#8221;2_5,3_5&#8243; _builder_version=&#8221;3.29.3&#8243; width=&#8221;95%&#8221; max_width=&#8221;95%&#8221; global_colors_info=&#8221;{}&#8221;][et_pb_column type=&#8221;2_5&#8243; _builder_version=&#8221;3.29.3&#8243; global_colors_info=&#8221;{}&#8221;][et_pb_text _builder_version=&#8221;4.0.6&#8243; text_font_size=&#8221;26px&#8221; text_line_height=&#8221;1.6em&#8221; text_orientation=&#8221;center&#8221; custom_margin=&#8221;20px||||false|false&#8221; global_colors_info=&#8221;{}&#8221;]<\/p>\n<p>Ha \u00f6sszhangot szeretn\u00e9tek az esem\u00e9nyen, forduljatok bizalommal hozz\u00e1nk. \u00c1tgondoljuk egy\u00fctt az arculatot, kital\u00e1ljuk a koncepci\u00f3t, majd mi \u00edzl\u00e9sesen megtervezz\u00fck \u00e9s kivitelezz\u00fck az elk\u00e9pzel\u00e9seiteket, legyen sz\u00f3 megh\u00edv\u00f3r\u00f3l, men\u00fcr\u0151l, \u00fcltet\u00e9si rendr\u0151l vagy b\u00e1rmilyen m\u00e1s grafikai elemr\u0151l.<\/p>\n<p>[\/et_pb_text][et_pb_image src=&#8221;http:\/\/mozaikdecor.ro\/wp-content\/uploads\/2019\/09\/level5tukor.png&#8221; align=&#8221;center&#8221; _builder_version=&#8221;3.29.3&#8243; filter_opacity=&#8221;60%&#8221; global_colors_info=&#8221;{}&#8221;][\/et_pb_image][\/et_pb_column][et_pb_column type=&#8221;3_5&#8243; _builder_version=&#8221;3.29.3&#8243; global_colors_info=&#8221;{}&#8221;][et_pb_gallery gallery_ids=&#8221;1872,1879,1250,418&#8243; gallery_orderby=&#8221;rand&#8221; fullwidth=&#8221;on&#8221; _builder_version=&#8221;4.0.9&#8243; global_module=&#8221;3293&#8243; global_colors_info=&#8221;{}&#8221;][\/et_pb_gallery][\/et_pb_column][\/et_pb_row][\/et_pb_section][et_pb_section fb_built=&#8221;1&#8243; admin_label=&#8221;eskuvo diszites&#8221; _builder_version=&#8221;3.29.3&#8243; background_color=&#8221;#eae0cc&#8221; global_colors_info=&#8221;{}&#8221;][et_pb_row _builder_version=&#8221;3.29.3&#8243; width=&#8221;100%&#8221; max_width=&#8221;100%&#8221; module_alignment=&#8221;center&#8221; global_colors_info=&#8221;{}&#8221;][et_pb_column type=&#8221;4_4&#8243; _builder_version=&#8221;3.29.3&#8243; global_colors_info=&#8221;{}&#8221;][et_pb_text _builder_version=&#8221;4.14.5&#8243; _module_preset=&#8221;default&#8221; hover_enabled=&#8221;0&#8243; sticky_enabled=&#8221;0&#8243;]<\/p>\nngg_shortcode_0_placeholder\n<p>[\/et_pb_text][\/et_pb_column][\/et_pb_row][\/et_pb_section][et_pb_section fb_built=&#8221;1&#8243; module_id=&#8221;contact&#8221; _builder_version=&#8221;4.0.6&#8243; background_image=&#8221;http:\/\/mozaikdecor.ro\/wp-content\/uploads\/2019\/09\/mozaikdecor_janka_nandi_03.jpg&#8221; global_module=&#8221;2945&#8243; collapsed=&#8221;on&#8221; global_colors_info=&#8221;{}&#8221;][et_pb_row _builder_version=&#8221;3.29.3&#8243; background_color=&#8221;rgba(121,132,120,0.6)&#8221; background_size=&#8221;initial&#8221; background_position=&#8221;top_left&#8221; background_repeat=&#8221;repeat&#8221; max_width=&#8221;80%&#8221; module_alignment=&#8221;center&#8221; global_colors_info=&#8221;{}&#8221;][et_pb_column type=&#8221;4_4&#8243; _builder_version=&#8221;3.29.3&#8243; global_colors_info=&#8221;{}&#8221;][et_pb_text _builder_version=&#8221;4.14.5&#8243; header_text_align=&#8221;center&#8221; header_text_color=&#8221;#ffd67c&#8221; global_colors_info=&#8221;{}&#8221;]<\/p>\n<h1 class=\"q-bold2 \"><span>Contact us for a personalised offer<\/span><\/h1>\n<p>[\/et_pb_text][\/et_pb_column][\/et_pb_row][et_pb_row column_structure=&#8221;1_3,1_3,1_3&#8243; _builder_version=&#8221;4.0.4&#8243; background_color=&#8221;rgba(121,132,120,0.6)&#8221; max_width=&#8221;80%&#8221; module_alignment=&#8221;center&#8221; global_colors_info=&#8221;{}&#8221;][et_pb_column type=&#8221;1_3&#8243; _builder_version=&#8221;3.29.3&#8243; global_colors_info=&#8221;{}&#8221;][et_pb_image src=&#8221;http:\/\/mozaikdecor.ro\/wp-content\/uploads\/2019\/09\/phone-call-150&#215;150.png&#8221; align=&#8221;center&#8221; _builder_version=&#8221;4.0.4&#8243; width=&#8221;20%&#8221; max_width=&#8221;20%&#8221; module_alignment=&#8221;center&#8221; global_colors_info=&#8221;{}&#8221;][\/et_pb_image][et_pb_text _builder_version=&#8221;4.0.6&#8243; text_text_color=&#8221;#ffd67c&#8221; text_font_size=&#8221;26px&#8221; link_text_color=&#8221;#ffd67c&#8221; header_2_text_align=&#8221;center&#8221; header_2_font_size=&#8221;60px&#8221; text_orientation=&#8221;center&#8221; global_colors_info=&#8221;{}&#8221; text_text_color__hover_enabled=&#8221;on|desktop&#8221; text_text_color__hover=&#8221;#ffd67c&#8221;]<\/p>\n<p><a href=\"tel:+40743731317\">+40 743 731 317<\/a><\/p>\n<p>[\/et_pb_text][\/et_pb_column][et_pb_column type=&#8221;1_3&#8243; _builder_version=&#8221;3.29.3&#8243; global_colors_info=&#8221;{}&#8221;][et_pb_image src=&#8221;http:\/\/mozaikdecor.ro\/wp-content\/uploads\/2019\/09\/messenger-150&#215;150.png&#8221; _builder_version=&#8221;3.29.3&#8243; width=&#8221;20%&#8221; max_width=&#8221;20%&#8221; module_alignment=&#8221;center&#8221; global_colors_info=&#8221;{}&#8221;][\/et_pb_image][et_pb_text _builder_version=&#8221;3.29.3&#8243; text_text_color=&#8221;#ffd67c&#8221; text_font_size=&#8221;26px&#8221; header_2_text_align=&#8221;center&#8221; header_2_font_size=&#8221;60px&#8221; text_orientation=&#8221;center&#8221; global_colors_info=&#8221;{}&#8221;]<\/p>\n<p>mozaikdecor<\/p>\n<p>[\/et_pb_text][\/et_pb_column][et_pb_column type=&#8221;1_3&#8243; _builder_version=&#8221;3.29.3&#8243; global_colors_info=&#8221;{}&#8221;][et_pb_image src=&#8221;http:\/\/mozaikdecor.ro\/wp-content\/uploads\/2019\/09\/email-150&#215;150.png&#8221; align=&#8221;center&#8221; _builder_version=&#8221;3.29.3&#8243; width=&#8221;20%&#8221; max_width=&#8221;20%&#8221; module_alignment=&#8221;center&#8221; global_colors_info=&#8221;{}&#8221;][\/et_pb_image][et_pb_text _builder_version=&#8221;3.29.3&#8243; text_text_color=&#8221;#ffd67c&#8221; text_font_size=&#8221;26px&#8221; header_2_text_align=&#8221;center&#8221; header_2_font_size=&#8221;60px&#8221; text_orientation=&#8221;center&#8221; global_colors_info=&#8221;{}&#8221;]<\/p>\n<p>office@mozaikdecor.ro<\/p>\n<p>[\/et_pb_text][\/et_pb_column][\/et_pb_row][\/et_pb_section]<\/p>\n","protected":false},"excerpt":{"rendered":"<p>Element DesignHa \u00f6sszhangot szeretn\u00e9tek az esem\u00e9nyen, forduljatok bizalommal hozz\u00e1nk. \u00c1tgondoljuk egy\u00fctt az arculatot, kital\u00e1ljuk a koncepci\u00f3t, majd mi \u00edzl\u00e9sesen megtervezz\u00fck \u00e9s kivitelezz\u00fck az elk\u00e9pzel\u00e9seiteket, legyen sz\u00f3 megh\u00edv\u00f3r\u00f3l, men\u00fcr\u0151l, \u00fcltet\u00e9si rendr\u0151l vagy b\u00e1rmilyen m\u00e1s grafikai elemr\u0151l.<!-- default-view.php -->\n<div\n\tclass=\"ngg-galleryoverview default-view\n\t\t\"\n\tid=\"ngg-gallery-5bbb83cf715f5464a0f69f0b3a075c3c-1\"\n\tdata-gallery-id=\"10\">\n\n\t\t<!-- Thumbnails -->\n\t\t\t\t<div id=\"ngg-image-0\" class=\"ngg-gallery-thumbnail-box\n\t\t\t\t\t\t\t\t\t\t\t\"\n\t\t\t>\n\t\t\t\t\t\t<div class=\"ngg-gallery-thumbnail\">\n\t\t\t<a href=\"https:\/\/mozaikdecor.ro\/wp-content\/gallery\/grafikai-tervezes\/mozaikdecor_grafikai_tervezes_02.jpg\"\n\t\t\t\ttitle=\"\"\n\t\t\t\tdata-src=\"https:\/\/mozaikdecor.ro\/wp-content\/gallery\/grafikai-tervezes\/mozaikdecor_grafikai_tervezes_02.jpg\"\n\t\t\t\tdata-thumbnail=\"https:\/\/mozaikdecor.ro\/wp-content\/gallery\/grafikai-tervezes\/thumbs\/thumbs_mozaikdecor_grafikai_tervezes_02.jpg\"\n\t\t\t\tdata-image-id=\"206\"\n\t\t\t\tdata-title=\"mozaikdecor_grafikai_tervezes_02\"\n\t\t\t\tdata-description=\"\"\n\t\t\t\tdata-image-slug=\"mozaikdecor_grafikai_tervezes_02\"\n\t\t\t\t\t\t\t\t\t\t\t\t\t\t\t\t\t\t\t\tclass=\"ngg-simplelightbox\" rel=\"5bbb83cf715f5464a0f69f0b3a075c3c\">\n\t\t\t\t\t\t\t\t<img\n\t\t\t\t\ttitle=\"mozaikdecor_grafikai_tervezes_02\"\n\t\t\t\t\talt=\"mozaikdecor_grafikai_tervezes_02\"\n\t\t\t\t\tsrc=\"https:\/\/mozaikdecor.ro\/wp-content\/gallery\/grafikai-tervezes\/thumbs\/thumbs_mozaikdecor_grafikai_tervezes_02.jpg\"\n\t\t\t\t\twidth=\"240\"\n\t\t\t\t\theight=\"160\"\n\t\t\t\t\tstyle=\"max-width:100%;\"\n\t\t\t\t\/>\n\t\t\t<\/a>\n\t\t<\/div>\n\t\t\t\t\t\t\t<\/div>\n\t\t\t\n\t\t\t\t<div id=\"ngg-image-1\" class=\"ngg-gallery-thumbnail-box\n\t\t\t\t\t\t\t\t\t\t\t\"\n\t\t\t>\n\t\t\t\t\t\t<div class=\"ngg-gallery-thumbnail\">\n\t\t\t<a href=\"https:\/\/mozaikdecor.ro\/wp-content\/gallery\/grafikai-tervezes\/mozaikdecor_grafikai_tervezes_03.jpg\"\n\t\t\t\ttitle=\"\"\n\t\t\t\tdata-src=\"https:\/\/mozaikdecor.ro\/wp-content\/gallery\/grafikai-tervezes\/mozaikdecor_grafikai_tervezes_03.jpg\"\n\t\t\t\tdata-thumbnail=\"https:\/\/mozaikdecor.ro\/wp-content\/gallery\/grafikai-tervezes\/thumbs\/thumbs_mozaikdecor_grafikai_tervezes_03.jpg\"\n\t\t\t\tdata-image-id=\"207\"\n\t\t\t\tdata-title=\"mozaikdecor_grafikai_tervezes_03\"\n\t\t\t\tdata-description=\"\"\n\t\t\t\tdata-image-slug=\"mozaikdecor_grafikai_tervezes_03\"\n\t\t\t\t\t\t\t\t\t\t\t\t\t\t\t\t\t\t\t\tclass=\"ngg-simplelightbox\" rel=\"5bbb83cf715f5464a0f69f0b3a075c3c\">\n\t\t\t\t\t\t\t\t<img\n\t\t\t\t\ttitle=\"mozaikdecor_grafikai_tervezes_03\"\n\t\t\t\t\talt=\"mozaikdecor_grafikai_tervezes_03\"\n\t\t\t\t\tsrc=\"https:\/\/mozaikdecor.ro\/wp-content\/gallery\/grafikai-tervezes\/thumbs\/thumbs_mozaikdecor_grafikai_tervezes_03.jpg\"\n\t\t\t\t\twidth=\"240\"\n\t\t\t\t\theight=\"160\"\n\t\t\t\t\tstyle=\"max-width:100%;\"\n\t\t\t\t\/>\n\t\t\t<\/a>\n\t\t<\/div>\n\t\t\t\t\t\t\t<\/div>\n\t\t\t\n\t\t\t\t<div id=\"ngg-image-2\" class=\"ngg-gallery-thumbnail-box\n\t\t\t\t\t\t\t\t\t\t\t\"\n\t\t\t>\n\t\t\t\t\t\t<div class=\"ngg-gallery-thumbnail\">\n\t\t\t<a href=\"https:\/\/mozaikdecor.ro\/wp-content\/gallery\/grafikai-tervezes\/mozaikdecor_grafikai_tervezes_04.jpg\"\n\t\t\t\ttitle=\"\"\n\t\t\t\tdata-src=\"https:\/\/mozaikdecor.ro\/wp-content\/gallery\/grafikai-tervezes\/mozaikdecor_grafikai_tervezes_04.jpg\"\n\t\t\t\tdata-thumbnail=\"https:\/\/mozaikdecor.ro\/wp-content\/gallery\/grafikai-tervezes\/thumbs\/thumbs_mozaikdecor_grafikai_tervezes_04.jpg\"\n\t\t\t\tdata-image-id=\"208\"\n\t\t\t\tdata-title=\"mozaikdecor_grafikai_tervezes_04\"\n\t\t\t\tdata-description=\"\"\n\t\t\t\tdata-image-slug=\"mozaikdecor_grafikai_tervezes_04\"\n\t\t\t\t\t\t\t\t\t\t\t\t\t\t\t\t\t\t\t\tclass=\"ngg-simplelightbox\" rel=\"5bbb83cf715f5464a0f69f0b3a075c3c\">\n\t\t\t\t\t\t\t\t<img\n\t\t\t\t\ttitle=\"mozaikdecor_grafikai_tervezes_04\"\n\t\t\t\t\talt=\"mozaikdecor_grafikai_tervezes_04\"\n\t\t\t\t\tsrc=\"https:\/\/mozaikdecor.ro\/wp-content\/gallery\/grafikai-tervezes\/thumbs\/thumbs_mozaikdecor_grafikai_tervezes_04.jpg\"\n\t\t\t\t\twidth=\"240\"\n\t\t\t\t\theight=\"160\"\n\t\t\t\t\tstyle=\"max-width:100%;\"\n\t\t\t\t\/>\n\t\t\t<\/a>\n\t\t<\/div>\n\t\t\t\t\t\t\t<\/div>\n\t\t\t\n\t\t\t\t<div id=\"ngg-image-3\" class=\"ngg-gallery-thumbnail-box\n\t\t\t\t\t\t\t\t\t\t\t\"\n\t\t\t>\n\t\t\t\t\t\t<div class=\"ngg-gallery-thumbnail\">\n\t\t\t<a href=\"https:\/\/mozaikdecor.ro\/wp-content\/gallery\/grafikai-tervezes\/mozaikdecor_grafikai_tervezes_05.jpg\"\n\t\t\t\ttitle=\"\"\n\t\t\t\tdata-src=\"https:\/\/mozaikdecor.ro\/wp-content\/gallery\/grafikai-tervezes\/mozaikdecor_grafikai_tervezes_05.jpg\"\n\t\t\t\tdata-thumbnail=\"https:\/\/mozaikdecor.ro\/wp-content\/gallery\/grafikai-tervezes\/thumbs\/thumbs_mozaikdecor_grafikai_tervezes_05.jpg\"\n\t\t\t\tdata-image-id=\"209\"\n\t\t\t\tdata-title=\"mozaikdecor_grafikai_tervezes_05\"\n\t\t\t\tdata-description=\"\"\n\t\t\t\tdata-image-slug=\"mozaikdecor_grafikai_tervezes_05\"\n\t\t\t\t\t\t\t\t\t\t\t\t\t\t\t\t\t\t\t\tclass=\"ngg-simplelightbox\" rel=\"5bbb83cf715f5464a0f69f0b3a075c3c\">\n\t\t\t\t\t\t\t\t<img\n\t\t\t\t\ttitle=\"mozaikdecor_grafikai_tervezes_05\"\n\t\t\t\t\talt=\"mozaikdecor_grafikai_tervezes_05\"\n\t\t\t\t\tsrc=\"https:\/\/mozaikdecor.ro\/wp-content\/gallery\/grafikai-tervezes\/thumbs\/thumbs_mozaikdecor_grafikai_tervezes_05.jpg\"\n\t\t\t\t\twidth=\"240\"\n\t\t\t\t\theight=\"160\"\n\t\t\t\t\tstyle=\"max-width:100%;\"\n\t\t\t\t\/>\n\t\t\t<\/a>\n\t\t<\/div>\n\t\t\t\t\t\t\t<\/div>\n\t\t\t\n\t\t\t\t<div id=\"ngg-image-4\" class=\"ngg-gallery-thumbnail-box\n\t\t\t\t\t\t\t\t\t\t\t\"\n\t\t\t>\n\t\t\t\t\t\t<div class=\"ngg-gallery-thumbnail\">\n\t\t\t<a href=\"https:\/\/mozaikdecor.ro\/wp-content\/gallery\/grafikai-tervezes\/mozaikdecor_grafikai_tervezes_06.jpg\"\n\t\t\t\ttitle=\"\"\n\t\t\t\tdata-src=\"https:\/\/mozaikdecor.ro\/wp-content\/gallery\/grafikai-tervezes\/mozaikdecor_grafikai_tervezes_06.jpg\"\n\t\t\t\tdata-thumbnail=\"https:\/\/mozaikdecor.ro\/wp-content\/gallery\/grafikai-tervezes\/thumbs\/thumbs_mozaikdecor_grafikai_tervezes_06.jpg\"\n\t\t\t\tdata-image-id=\"210\"\n\t\t\t\tdata-title=\"mozaikdecor_grafikai_tervezes_06\"\n\t\t\t\tdata-description=\"\"\n\t\t\t\tdata-image-slug=\"mozaikdecor_grafikai_tervezes_06\"\n\t\t\t\t\t\t\t\t\t\t\t\t\t\t\t\t\t\t\t\tclass=\"ngg-simplelightbox\" rel=\"5bbb83cf715f5464a0f69f0b3a075c3c\">\n\t\t\t\t\t\t\t\t<img\n\t\t\t\t\ttitle=\"mozaikdecor_grafikai_tervezes_06\"\n\t\t\t\t\talt=\"mozaikdecor_grafikai_tervezes_06\"\n\t\t\t\t\tsrc=\"https:\/\/mozaikdecor.ro\/wp-content\/gallery\/grafikai-tervezes\/thumbs\/thumbs_mozaikdecor_grafikai_tervezes_06.jpg\"\n\t\t\t\t\twidth=\"240\"\n\t\t\t\t\theight=\"160\"\n\t\t\t\t\tstyle=\"max-width:100%;\"\n\t\t\t\t\/>\n\t\t\t<\/a>\n\t\t<\/div>\n\t\t\t\t\t\t\t<\/div>\n\t\t\t\n\t\t\t\t<div id=\"ngg-image-5\" class=\"ngg-gallery-thumbnail-box\n\t\t\t\t\t\t\t\t\t\t\t\"\n\t\t\t>\n\t\t\t\t\t\t<div class=\"ngg-gallery-thumbnail\">\n\t\t\t<a href=\"https:\/\/mozaikdecor.ro\/wp-content\/gallery\/grafikai-tervezes\/mozaikdecor_grafikai_tervezes_07.jpg\"\n\t\t\t\ttitle=\"\"\n\t\t\t\tdata-src=\"https:\/\/mozaikdecor.ro\/wp-content\/gallery\/grafikai-tervezes\/mozaikdecor_grafikai_tervezes_07.jpg\"\n\t\t\t\tdata-thumbnail=\"https:\/\/mozaikdecor.ro\/wp-content\/gallery\/grafikai-tervezes\/thumbs\/thumbs_mozaikdecor_grafikai_tervezes_07.jpg\"\n\t\t\t\tdata-image-id=\"211\"\n\t\t\t\tdata-title=\"mozaikdecor_grafikai_tervezes_07\"\n\t\t\t\tdata-description=\"\"\n\t\t\t\tdata-image-slug=\"mozaikdecor_grafikai_tervezes_07\"\n\t\t\t\t\t\t\t\t\t\t\t\t\t\t\t\t\t\t\t\tclass=\"ngg-simplelightbox\" rel=\"5bbb83cf715f5464a0f69f0b3a075c3c\">\n\t\t\t\t\t\t\t\t<img\n\t\t\t\t\ttitle=\"mozaikdecor_grafikai_tervezes_07\"\n\t\t\t\t\talt=\"mozaikdecor_grafikai_tervezes_07\"\n\t\t\t\t\tsrc=\"https:\/\/mozaikdecor.ro\/wp-content\/gallery\/grafikai-tervezes\/thumbs\/thumbs_mozaikdecor_grafikai_tervezes_07.jpg\"\n\t\t\t\t\twidth=\"240\"\n\t\t\t\t\theight=\"160\"\n\t\t\t\t\tstyle=\"max-width:100%;\"\n\t\t\t\t\/>\n\t\t\t<\/a>\n\t\t<\/div>\n\t\t\t\t\t\t\t<\/div>\n\t\t\t\n\t\t\t\t<div id=\"ngg-image-6\" class=\"ngg-gallery-thumbnail-box\n\t\t\t\t\t\t\t\t\t\t\t\"\n\t\t\t>\n\t\t\t\t\t\t<div class=\"ngg-gallery-thumbnail\">\n\t\t\t<a href=\"https:\/\/mozaikdecor.ro\/wp-content\/gallery\/grafikai-tervezes\/mozaikdecor_grafikai_tervezes_08.jpg\"\n\t\t\t\ttitle=\"\"\n\t\t\t\tdata-src=\"https:\/\/mozaikdecor.ro\/wp-content\/gallery\/grafikai-tervezes\/mozaikdecor_grafikai_tervezes_08.jpg\"\n\t\t\t\tdata-thumbnail=\"https:\/\/mozaikdecor.ro\/wp-content\/gallery\/grafikai-tervezes\/thumbs\/thumbs_mozaikdecor_grafikai_tervezes_08.jpg\"\n\t\t\t\tdata-image-id=\"212\"\n\t\t\t\tdata-title=\"mozaikdecor_grafikai_tervezes_08\"\n\t\t\t\tdata-description=\"\"\n\t\t\t\tdata-image-slug=\"mozaikdecor_grafikai_tervezes_08\"\n\t\t\t\t\t\t\t\t\t\t\t\t\t\t\t\t\t\t\t\tclass=\"ngg-simplelightbox\" rel=\"5bbb83cf715f5464a0f69f0b3a075c3c\">\n\t\t\t\t\t\t\t\t<img\n\t\t\t\t\ttitle=\"mozaikdecor_grafikai_tervezes_08\"\n\t\t\t\t\talt=\"mozaikdecor_grafikai_tervezes_08\"\n\t\t\t\t\tsrc=\"https:\/\/mozaikdecor.ro\/wp-content\/gallery\/grafikai-tervezes\/thumbs\/thumbs_mozaikdecor_grafikai_tervezes_08.jpg\"\n\t\t\t\t\twidth=\"240\"\n\t\t\t\t\theight=\"160\"\n\t\t\t\t\tstyle=\"max-width:100%;\"\n\t\t\t\t\/>\n\t\t\t<\/a>\n\t\t<\/div>\n\t\t\t\t\t\t\t<\/div>\n\t\t\t\n\t\t\t\t<div id=\"ngg-image-7\" class=\"ngg-gallery-thumbnail-box\n\t\t\t\t\t\t\t\t\t\t\t\"\n\t\t\t>\n\t\t\t\t\t\t<div class=\"ngg-gallery-thumbnail\">\n\t\t\t<a href=\"https:\/\/mozaikdecor.ro\/wp-content\/gallery\/grafikai-tervezes\/mozaikdecor_grafikai_tervezes_09.jpg\"\n\t\t\t\ttitle=\"\"\n\t\t\t\tdata-src=\"https:\/\/mozaikdecor.ro\/wp-content\/gallery\/grafikai-tervezes\/mozaikdecor_grafikai_tervezes_09.jpg\"\n\t\t\t\tdata-thumbnail=\"https:\/\/mozaikdecor.ro\/wp-content\/gallery\/grafikai-tervezes\/thumbs\/thumbs_mozaikdecor_grafikai_tervezes_09.jpg\"\n\t\t\t\tdata-image-id=\"213\"\n\t\t\t\tdata-title=\"mozaikdecor_grafikai_tervezes_09\"\n\t\t\t\tdata-description=\"\"\n\t\t\t\tdata-image-slug=\"mozaikdecor_grafikai_tervezes_09\"\n\t\t\t\t\t\t\t\t\t\t\t\t\t\t\t\t\t\t\t\tclass=\"ngg-simplelightbox\" rel=\"5bbb83cf715f5464a0f69f0b3a075c3c\">\n\t\t\t\t\t\t\t\t<img\n\t\t\t\t\ttitle=\"mozaikdecor_grafikai_tervezes_09\"\n\t\t\t\t\talt=\"mozaikdecor_grafikai_tervezes_09\"\n\t\t\t\t\tsrc=\"https:\/\/mozaikdecor.ro\/wp-content\/gallery\/grafikai-tervezes\/thumbs\/thumbs_mozaikdecor_grafikai_tervezes_09.jpg\"\n\t\t\t\t\twidth=\"240\"\n\t\t\t\t\theight=\"160\"\n\t\t\t\t\tstyle=\"max-width:100%;\"\n\t\t\t\t\/>\n\t\t\t<\/a>\n\t\t<\/div>\n\t\t\t\t\t\t\t<\/div>\n\t\t\t\n\t\t\t\t<div id=\"ngg-image-8\" class=\"ngg-gallery-thumbnail-box\n\t\t\t\t\t\t\t\t\t\t\t\"\n\t\t\t>\n\t\t\t\t\t\t<div class=\"ngg-gallery-thumbnail\">\n\t\t\t<a href=\"https:\/\/mozaikdecor.ro\/wp-content\/gallery\/grafikai-tervezes\/mozaikdecor_grafikai_tervezes_01.jpg\"\n\t\t\t\ttitle=\"\"\n\t\t\t\tdata-src=\"https:\/\/mozaikdecor.ro\/wp-content\/gallery\/grafikai-tervezes\/mozaikdecor_grafikai_tervezes_01.jpg\"\n\t\t\t\tdata-thumbnail=\"https:\/\/mozaikdecor.ro\/wp-content\/gallery\/grafikai-tervezes\/thumbs\/thumbs_mozaikdecor_grafikai_tervezes_01.jpg\"\n\t\t\t\tdata-image-id=\"214\"\n\t\t\t\tdata-title=\"mozaikdecor_grafikai_tervezes_01\"\n\t\t\t\tdata-description=\"\"\n\t\t\t\tdata-image-slug=\"mozaikdecor_grafikai_tervezes_01\"\n\t\t\t\t\t\t\t\t\t\t\t\t\t\t\t\t\t\t\t\tclass=\"ngg-simplelightbox\" rel=\"5bbb83cf715f5464a0f69f0b3a075c3c\">\n\t\t\t\t\t\t\t\t<img\n\t\t\t\t\ttitle=\"mozaikdecor_grafikai_tervezes_01\"\n\t\t\t\t\talt=\"mozaikdecor_grafikai_tervezes_01\"\n\t\t\t\t\tsrc=\"https:\/\/mozaikdecor.ro\/wp-content\/gallery\/grafikai-tervezes\/thumbs\/thumbs_mozaikdecor_grafikai_tervezes_01.jpg\"\n\t\t\t\t\twidth=\"240\"\n\t\t\t\t\theight=\"160\"\n\t\t\t\t\tstyle=\"max-width:100%;\"\n\t\t\t\t\/>\n\t\t\t<\/a>\n\t\t<\/div>\n\t\t\t\t\t\t\t<\/div>\n\t\t\t\n\t\n\t<br style=\"clear: both\" \/>\n\n\t\n\t\t<!-- Pagination -->\n\t\t<div class='ngg-clear'><\/div>\t<\/div>\nContact us for a personalised offer+40 743 731 317mozaikdecoroffice@mozaikdecor.ro<\/p>\n","protected":false},"author":1,"featured_media":0,"parent":0,"menu_order":0,"comment_status":"closed","ping_status":"closed","template":"","meta":{"_acf_changed":false,"_et_pb_use_builder":"on","_et_pb_old_content":"","_et_gb_content_width":"","ngg_post_thumbnail":0,"footnotes":""},"class_list":["post-2239","page","type-page","status-publish","hentry"],"acf":[],"_links":{"self":[{"href":"https:\/\/mozaikdecor.ro\/en\/wp-json\/wp\/v2\/pages\/2239","targetHints":{"allow":["GET"]}}],"collection":[{"href":"https:\/\/mozaikdecor.ro\/en\/wp-json\/wp\/v2\/pages"}],"about":[{"href":"https:\/\/mozaikdecor.ro\/en\/wp-json\/wp\/v2\/types\/page"}],"author":[{"embeddable":true,"href":"https:\/\/mozaikdecor.ro\/en\/wp-json\/wp\/v2\/users\/1"}],"replies":[{"embeddable":true,"href":"https:\/\/mozaikdecor.ro\/en\/wp-json\/wp\/v2\/comments?post=2239"}],"version-history":[{"count":0,"href":"https:\/\/mozaikdecor.ro\/en\/wp-json\/wp\/v2\/pages\/2239\/revisions"}],"wp:attachment":[{"href":"https:\/\/mozaikdecor.ro\/en\/wp-json\/wp\/v2\/media?parent=2239"}],"curies":[{"name":"wp","href":"https:\/\/api.w.org\/{rel}","templated":true}]}}